{"id":94,"date":"2025-03-18T08:07:04","date_gmt":"2025-03-18T08:07:04","guid":{"rendered":"https:\/\/mwall.fi\/?page_id=94"},"modified":"2026-01-15T08:04:06","modified_gmt":"2026-01-15T08:04:06","slug":"tilaa-viestiseina","status":"publish","type":"page","link":"https:\/\/viestiseina.fi\/en\/tilaa-viestiseina\/","title":{"rendered":"Get Messagewall\u00ae"},"content":{"rendered":"<section id=\"\"\n    class=\"block-information-blocks\"\n    style=\"background: radial-gradient(75.99% 42.74% at 29.39% 68.09%, rgba(0, 0, 0, 0.00) 0%, rgba(0, 0, 0, 0.24) 100%), linear-gradient(90deg, rgba(255, 255, 255, 0.14) 0%, rgba(0, 0, 0, 0.14) 100%), linear-gradient(0deg, #2C2776 0%, #2C2776 100%), #262569;\">\n            <div class=\"block-information-blocks__intro\">\n            <h1 class=\"block-information-blocks__heading\" style=\"text-align: center;\"><span style=\"color: #ffffff;\">Choose the most suitable Messagewall<sup>\u00ae<\/sup> service<\/span><\/h1>\n<p class=\"block-information-blocks__text\" style=\"text-align: center;\"><span style=\"color: #ffffff;\">Tarjoamme viitt\u00e4 (5) erilaista palvelupakettia k\u00e4ytt\u00f6\u00f6si.<br \/> P\u00e4\u00e4set kokeilemaan ilmaisversiota luomalla k\u00e4ytt\u00e4j\u00e4n palveluun. Aloita painamalla alta &#8221;Kokeile ilmaiseksi t\u00e4st\u00e4!&#8221;.<br \/>\n<\/span><\/p>\n        <\/div>\n        <div class=\"block-information-blocks__wrapper\">\n                                    <div class=\"block-information-blocks__block\">\n                                                                <h2 class=\"block-information-blocks__title\">Free<\/h2>\n                                        <div class=\"block-information-blocks__text\">\n                        <ul>\n<li>Max\u00a0<strong>10<\/strong> participants<\/li>\n<li><strong>1<\/strong> aktiivinen sein\u00e4<\/li>\n<li><strong>1<\/strong> k\u00e4ytt\u00e4j\u00e4<\/li>\n<li>Messages and reactions<\/li>\n<li>Polls<\/li>\n<li>Word clouds<\/li>\n<\/ul>\n                    <\/div>\n                                        <div class=\"block-information-blocks__footer\">\n                                                    <span class=\"block-information-blocks__footer-text\">\n                                0\u20ac\/kk\n                            <\/span>\n                                                                            <span\n                                class=\"block-information-blocks__footer-text-prefix\">(VAT 0%)<\/span>\n                                            <\/div>\n                <\/div>\n                            <div class=\"block-information-blocks__block\">\n                                                                <h2 class=\"block-information-blocks__title\">Mini<\/h2>\n                                        <div class=\"block-information-blocks__text\">\n                        <ul>\n<li>Max\u00a0<strong>100<\/strong> participants<\/li>\n<li><strong>1<\/strong> aktiivinen sein\u00e4<\/li>\n<li><strong>1<\/strong> k\u00e4ytt\u00e4j\u00e4<\/li>\n<li>Messages and reactions<\/li>\n<li>Polls<\/li>\n<li>Word clouds<\/li>\n<li>Support service (email)<\/li>\n<\/ul>\n                    <\/div>\n                                        <div class=\"block-information-blocks__footer\">\n                                                    <span class=\"block-information-blocks__footer-text\">\n                                79\u20ac\/kk\n                            <\/span>\n                                                                            <span\n                                class=\"block-information-blocks__footer-text-prefix\">(VAT 0%)<\/span>\n                                            <\/div>\n                <\/div>\n                            <div class=\"block-information-blocks__block\">\n                                                                <h2 class=\"block-information-blocks__title\">Basic<\/h2>\n                                        <div class=\"block-information-blocks__text\">\n                        <ul>\n<li>Max\u00a0<strong>250<\/strong> participants<\/li>\n<li><strong>2<\/strong> aktiivista sein\u00e4\u00e4<\/li>\n<li><strong>5<\/strong> k\u00e4ytt\u00e4j\u00e4\u00e4<\/li>\n<li>Messages and reactions<\/li>\n<li>Polls<\/li>\n<li>Word clouds<\/li>\n<li>V\u00e4riasetukset ja logo<\/li>\n<li>Support service (email)<\/li>\n<\/ul>\n                    <\/div>\n                                        <div class=\"block-information-blocks__footer\">\n                                                    <span class=\"block-information-blocks__footer-text\">\n                                199\u20ac\/kk\n                            <\/span>\n                                                                            <span\n                                class=\"block-information-blocks__footer-text-prefix\">(VAT 0%)<\/span>\n                                            <\/div>\n                <\/div>\n                            <div class=\"block-information-blocks__block\">\n                                                                <h2 class=\"block-information-blocks__title\">Premium<\/h2>\n                                        <div class=\"block-information-blocks__text\">\n                        <ul>\n<li>Max\u00a0<strong>1000<\/strong> participants<\/li>\n<li><strong>10<\/strong> aktiivista sein\u00e4\u00e4<\/li>\n<li><strong>20<\/strong> k\u00e4ytt\u00e4j\u00e4\u00e4<\/li>\n<li>Messages and reactions<\/li>\n<li>Polls<\/li>\n<li>Word clouds<\/li>\n<li>Tietovisat<\/li>\n<li>V\u00e4riasetukset ja logo<\/li>\n<li>Customoidut sivut<\/li>\n<li>Customoitu CSS<\/li>\n<li>Support service (email &amp; phone)<\/li>\n<\/ul>\n                    <\/div>\n                                        <div class=\"block-information-blocks__footer\">\n                                                    <span class=\"block-information-blocks__footer-text\">\n                                499\u20ac\/month\n                            <\/span>\n                                                                            <span\n                                class=\"block-information-blocks__footer-text-prefix\">(VAT 0%)<\/span>\n                                            <\/div>\n                <\/div>\n                            <div class=\"block-information-blocks__block\">\n                                                                <h2 class=\"block-information-blocks__title\">Custom<\/h2>\n                                        <div class=\"block-information-blocks__text\">\n                        <div style=\"margin: auto;\">\n<p style=\"text-align: center;\"><strong>Want something more?<\/strong><\/p>\n<p style=\"text-align: center;\">Request a quote for a package tailored to your needs.<\/p>\n<\/div>\n                    <\/div>\n                                        <div class=\"block-information-blocks__footer\">\n                                                                    <\/div>\n                <\/div>\n                        <\/div>\n\n            <div class=\"block-information-blocks__cta-container\">\n            <a class=\"block-information-blocks__cta\"\n                target=\"\"\n                href=\"https:\/\/admin.viestiseina.fi\/register\">\n                Kokeile ilmaiseksi t\u00e4st\u00e4!            <\/a>\n        <\/div>\n    <\/section>\n\n\n    <hr class=\"block_section_border block_section_border__blue\" \/>\n\n\n\n<section id=\"\"\n    class=\"block-form\" style=\"display: none;\">\n    <div class=\"block-form__wrapper\">\n        <!-- HTML Forms v1.6.1 - https:\/\/wordpress.org\/plugins\/html-forms\/ -->\n<form method=\"post\"  class=\"hf-form hf-form-75\" data-id=\"75\" data-title=\"Tilauslomake\" data-slug=\"tilauslomake\" data-message-success=\"Kiitos, ett\u00e4 otit meihin yhteytt\u00e4! Olemme vastaanottaneet viestisi ja pyrimme vastaamaan teille mahdollisimman pian.\" data-message-invalid-email=\"Sy\u00f6t\u00e4 kelvollinen s\u00e4hk\u00f6postiosoite.\" data-message-required-field-missing=\"T\u00e4yt\u00e4 pakolliset kent\u00e4t.\" data-message-error=\"Tapahtui virhe.\" data-message-recaptcha-failed=\"reCAPTCHA verification failed. Please try again.\" data-message-recaptcha-low-score=\"Your submission appears to be spam. Please try again.\" action=\"\"><input type=\"hidden\" name=\"_hf_form_id\" value=\"75\" \/><div style=\"display: none;\"><input type=\"text\" name=\"_hf_h75\" value=\"\" \/><\/div><div class=\"hf-fields-wrap\"><p style=\"color: #fff;\">\r\n  Choose the most suitable option and fill in your details. The subscription is valid until further notice and you can cancel the service two (2) weeks before the end of the subscription period.\r\n<\/p>\r\n<br \/>\r\n<div class=\"form-input__wrapper\">\r\n <label for=\"contact-form-PAKETIN_TYYPPI\">Package type<\/label>\r\n<select name=\"PAKETIN_TYYPPI\" required id=\"contact-form-PAKETIN_TYYPPI\"><option>Basic (Max. 100 participants)<\/option><option>Premium (Max. 500 participants)<\/option><option>Custom<\/option><option>Test package<\/option><\/select>\r\n<\/div>\r\n<div class=\"form-input__wrapper\">\r\n\t<label for=\"contact-form-TILAAJAN_NIMI\">Subscriber\u2019s name (organization or individual) <span class=\"form-input__required\">*<\/span><\/label>\r\n<input type=\"text\" name=\"TILAAJAN_NIMI\" required id=\"contact-form-TILAAJAN_NIMI\" \/>\r\n<\/div>\r\n\r\n<div class=\"form-input__side-by-side\">\r\n<div class=\"form-input__wrapper form-input__half\">\r\n  <label for=\"contact-form-EMAIL\">Email address <span class=\"form-input__required\">*<\/span><\/label>\r\n  <input type=\"email\" name=\"EMAIL\" required id=\"contact-form-EMAIL\" \/>\r\n<\/div>\r\n<div class=\"form-input__wrapper\">\r\n    <label for=\"contact-form-NUMBER\">Phonenumber<\/label>\r\n<input type=\"text\" name=\"NUMBER\" id=\"contact-form-NUMBER\" \/>\r\n<\/div>\r\n<\/div>\r\n<div class=\"form-input__wrapper\">\r\n\t<label for=\"contact-form-ADDITIONAL_INFO\">Additional information<\/label>\r\n\t<textarea name=\"ADDITIONAL_INFO\" id=\"contact-form-ADDITIONAL_INFO\" rows=\"4\"><\/textarea>\r\n<\/div>\r\n<input type=\"submit\" value=\"Send\" \/><noscript>Please enable JavaScript for this form to work.<\/noscript><\/div><input type=\"hidden\" name=\"trp-form-language\" value=\"en\"\/><\/form><!-- \/ HTML Forms -->    <\/div>\n<\/section>\n\n\n\n\n\n<section id=\"\"\n    class=\"block-repeat-columns\"\n    style=\"\">\n            <div class=\"block-repeat-columns__blocks\">\n                            <div class=\"block-repeat-columns__block\">\n                                            <h2 class=\"block-repeat-columns__title\">Sales &amp; technical support<\/h2>\n                                                                <div class=\"block-repeat-columns__columns\">\n                                                            <div class=\"block-repeat-columns__column\">\n                                    <p><strong>Sales<\/strong><br \/>\nsales@prospectum.fi<br \/>\n+358 40 358 0602<\/p>\n                                <\/div>\n                                                            <div class=\"block-repeat-columns__column\">\n                                    <p><strong>Support<\/strong><br \/>\nsupport@prospectum.fi<br \/>\n+358 40 358 0600<br \/>\nWeekdays 9:00 \u2013 17:00<\/p>\n                                <\/div>\n                                                    <\/div>\n                                    <\/div>\n                            <div class=\"block-repeat-columns__block\">\n                                            <h2 class=\"block-repeat-columns__title\">Offices<\/h2>\n                                                                <div class=\"block-repeat-columns__columns\">\n                                                            <div class=\"block-repeat-columns__column\">\n                                    <p><strong>Jyv\u00e4skyl\u00e4<br \/>\n<\/strong>Ylist\u00f6nm\u00e4entie 24<br \/>\n40500 Jyv\u00e4skyl\u00e4<\/p>\n                                <\/div>\n                                                            <div class=\"block-repeat-columns__column\">\n                                    <p><strong>Helsinki<\/strong><br \/>\nKuortaneenkatu 2<br \/>\n00510 Helsinki<\/p>\n                                <\/div>\n                                                    <\/div>\n                                    <\/div>\n                    <\/div>\n    <\/section>","protected":false},"excerpt":{"rendered":"","protected":false},"author":1,"featured_media":0,"parent":0,"menu_order":0,"comment_status":"closed","ping_status":"closed","template":"","meta":{"_acf_changed":false,"footnotes":""},"class_list":["post-94","page","type-page","status-publish","hentry"],"acf":[],"yoast_head":"<!-- This site is optimized with the Yoast SEO plugin v26.7 - https:\/\/yoast.com\/wordpress\/plugins\/seo\/ -->\n<title>Viestisein\u00e4 - Aktivoi yleis\u00f6<\/title>\n<meta name=\"description\" content=\"Viestisein\u00e4 aktivoi yleis\u00f6n tapahtumassa. Luo el\u00e4v\u00e4\u00e4 vuoropuhelua ja aktivoi yleis\u00f6si \u00e4\u00e4nestysten ja sanapilvien avulla.\" \/>\n<meta name=\"robots\" content=\"index, follow, max-snippet:-1, max-image-preview:large, max-video-preview:-1\" \/>\n<link rel=\"canonical\" href=\"https:\/\/viestiseina.fi\/en\/tilaa-viestiseina\/\" \/>\n<meta property=\"og:locale\" content=\"en_US\" \/>\n<meta property=\"og:type\" content=\"article\" \/>\n<meta property=\"og:title\" content=\"Viestisein\u00e4 - Aktivoi yleis\u00f6\" \/>\n<meta property=\"og:description\" content=\"Viestisein\u00e4 aktivoi yleis\u00f6n tapahtumassa. Luo el\u00e4v\u00e4\u00e4 vuoropuhelua ja aktivoi yleis\u00f6si \u00e4\u00e4nestysten ja sanapilvien avulla.\" \/>\n<meta property=\"og:url\" content=\"https:\/\/viestiseina.fi\/en\/tilaa-viestiseina\/\" \/>\n<meta property=\"og:site_name\" content=\"Viestisein\u00e4\" \/>\n<meta property=\"article:modified_time\" content=\"2026-01-15T08:04:06+00:00\" \/>\n<meta property=\"og:image\" content=\"https:\/\/viestiseina.fi\/wp-content\/uploads\/2025\/03\/main-cases.webp\" \/>\n\t<meta property=\"og:image:width\" content=\"1520\" \/>\n\t<meta property=\"og:image:height\" content=\"500\" \/>\n\t<meta property=\"og:image:type\" content=\"image\/webp\" \/>\n<meta name=\"twitter:card\" content=\"summary_large_image\" \/>\n<meta name=\"twitter:label1\" content=\"Est. reading time\" \/>\n\t<meta name=\"twitter:data1\" content=\"2 minutes\" \/>\n<script type=\"application\/ld+json\" class=\"yoast-schema-graph\">{\"@context\":\"https:\/\/schema.org\",\"@graph\":[{\"@type\":\"WebPage\",\"@id\":\"https:\/\/viestiseina.fi\/tilaa-viestiseina\/\",\"url\":\"https:\/\/viestiseina.fi\/tilaa-viestiseina\/\",\"name\":\"Viestisein\u00e4 - Aktivoi yleis\u00f6\",\"isPartOf\":{\"@id\":\"https:\/\/viestiseina.fi\/#website\"},\"datePublished\":\"2025-03-18T08:07:04+00:00\",\"dateModified\":\"2026-01-15T08:04:06+00:00\",\"description\":\"Viestisein\u00e4 aktivoi yleis\u00f6n tapahtumassa. Luo el\u00e4v\u00e4\u00e4 vuoropuhelua ja aktivoi yleis\u00f6si \u00e4\u00e4nestysten ja sanapilvien avulla.\",\"breadcrumb\":{\"@id\":\"https:\/\/viestiseina.fi\/tilaa-viestiseina\/#breadcrumb\"},\"inLanguage\":\"en-US\",\"potentialAction\":[{\"@type\":\"ReadAction\",\"target\":[\"https:\/\/viestiseina.fi\/tilaa-viestiseina\/\"]}]},{\"@type\":\"BreadcrumbList\",\"@id\":\"https:\/\/viestiseina.fi\/tilaa-viestiseina\/#breadcrumb\",\"itemListElement\":[{\"@type\":\"ListItem\",\"position\":1,\"name\":\"Home\",\"item\":\"https:\/\/viestiseina.fi\/\"},{\"@type\":\"ListItem\",\"position\":2,\"name\":\"Tilaa Viestisein\u00e4\u00ae\"}]},{\"@type\":\"WebSite\",\"@id\":\"https:\/\/viestiseina.fi\/#website\",\"url\":\"https:\/\/viestiseina.fi\/\",\"name\":\"Viestisein\u00e4\",\"description\":\"Viestisein\u00e4 aktivoi yleis\u00f6n tapahtumassa. Luo el\u00e4v\u00e4\u00e4 vuoropuhelua ja aktivoi yleis\u00f6si \u00e4\u00e4nestysten ja sanapilvien avulla.\",\"potentialAction\":[{\"@type\":\"SearchAction\",\"target\":{\"@type\":\"EntryPoint\",\"urlTemplate\":\"https:\/\/viestiseina.fi\/?s={search_term_string}\"},\"query-input\":{\"@type\":\"PropertyValueSpecification\",\"valueRequired\":true,\"valueName\":\"search_term_string\"}}],\"inLanguage\":\"en-US\"}]}<\/script>\n<!-- \/ Yoast SEO plugin. -->","yoast_head_json":{"title":"Viestisein\u00e4 - Aktivoi yleis\u00f6","description":"Viestisein\u00e4 aktivoi yleis\u00f6n tapahtumassa. Luo el\u00e4v\u00e4\u00e4 vuoropuhelua ja aktivoi yleis\u00f6si \u00e4\u00e4nestysten ja sanapilvien avulla.","robots":{"index":"index","follow":"follow","max-snippet":"max-snippet:-1","max-image-preview":"max-image-preview:large","max-video-preview":"max-video-preview:-1"},"canonical":"https:\/\/viestiseina.fi\/en\/tilaa-viestiseina\/","og_locale":"en_US","og_type":"article","og_title":"Viestisein\u00e4 - Aktivoi yleis\u00f6","og_description":"Viestisein\u00e4 aktivoi yleis\u00f6n tapahtumassa. Luo el\u00e4v\u00e4\u00e4 vuoropuhelua ja aktivoi yleis\u00f6si \u00e4\u00e4nestysten ja sanapilvien avulla.","og_url":"https:\/\/viestiseina.fi\/en\/tilaa-viestiseina\/","og_site_name":"Viestisein\u00e4","article_modified_time":"2026-01-15T08:04:06+00:00","og_image":[{"width":1520,"height":500,"url":"https:\/\/viestiseina.fi\/wp-content\/uploads\/2025\/03\/main-cases.webp","type":"image\/webp"}],"twitter_card":"summary_large_image","twitter_misc":{"Est. reading time":"2 minutes"},"schema":{"@context":"https:\/\/schema.org","@graph":[{"@type":"WebPage","@id":"https:\/\/viestiseina.fi\/tilaa-viestiseina\/","url":"https:\/\/viestiseina.fi\/tilaa-viestiseina\/","name":"Viestisein\u00e4 - Aktivoi yleis\u00f6","isPartOf":{"@id":"https:\/\/viestiseina.fi\/#website"},"datePublished":"2025-03-18T08:07:04+00:00","dateModified":"2026-01-15T08:04:06+00:00","description":"Viestisein\u00e4 aktivoi yleis\u00f6n tapahtumassa. Luo el\u00e4v\u00e4\u00e4 vuoropuhelua ja aktivoi yleis\u00f6si \u00e4\u00e4nestysten ja sanapilvien avulla.","breadcrumb":{"@id":"https:\/\/viestiseina.fi\/tilaa-viestiseina\/#breadcrumb"},"inLanguage":"en-US","potentialAction":[{"@type":"ReadAction","target":["https:\/\/viestiseina.fi\/tilaa-viestiseina\/"]}]},{"@type":"BreadcrumbList","@id":"https:\/\/viestiseina.fi\/tilaa-viestiseina\/#breadcrumb","itemListElement":[{"@type":"ListItem","position":1,"name":"Home","item":"https:\/\/viestiseina.fi\/"},{"@type":"ListItem","position":2,"name":"Tilaa Viestisein\u00e4\u00ae"}]},{"@type":"WebSite","@id":"https:\/\/viestiseina.fi\/#website","url":"https:\/\/viestiseina.fi\/","name":"Messagewall","description":"Viestisein\u00e4 aktivoi yleis\u00f6n tapahtumassa. Luo el\u00e4v\u00e4\u00e4 vuoropuhelua ja aktivoi yleis\u00f6si \u00e4\u00e4nestysten ja sanapilvien avulla.","potentialAction":[{"@type":"SearchAction","target":{"@type":"EntryPoint","urlTemplate":"https:\/\/viestiseina.fi\/?s={search_term_string}"},"query-input":{"@type":"PropertyValueSpecification","valueRequired":true,"valueName":"search_term_string"}}],"inLanguage":"en-US"}]}},"_links":{"self":[{"href":"https:\/\/viestiseina.fi\/en\/wp-json\/wp\/v2\/pages\/94","targetHints":{"allow":["GET"]}}],"collection":[{"href":"https:\/\/viestiseina.fi\/en\/wp-json\/wp\/v2\/pages"}],"about":[{"href":"https:\/\/viestiseina.fi\/en\/wp-json\/wp\/v2\/types\/page"}],"author":[{"embeddable":true,"href":"https:\/\/viestiseina.fi\/en\/wp-json\/wp\/v2\/users\/1"}],"replies":[{"embeddable":true,"href":"https:\/\/viestiseina.fi\/en\/wp-json\/wp\/v2\/comments?post=94"}],"version-history":[{"count":15,"href":"https:\/\/viestiseina.fi\/en\/wp-json\/wp\/v2\/pages\/94\/revisions"}],"predecessor-version":[{"id":199,"href":"https:\/\/viestiseina.fi\/en\/wp-json\/wp\/v2\/pages\/94\/revisions\/199"}],"wp:attachment":[{"href":"https:\/\/viestiseina.fi\/en\/wp-json\/wp\/v2\/media?parent=94"}],"curies":[{"name":"wp","href":"https:\/\/api.w.org\/{rel}","templated":true}]}}